{"id":117,"date":"2023-08-11T11:02:44","date_gmt":"2023-08-11T11:02:44","guid":{"rendered":"https:\/\/ayo.com.pt\/?page_id=117"},"modified":"2023-08-11T15:48:13","modified_gmt":"2023-08-11T15:48:13","slug":"sobre-nos-2","status":"publish","type":"page","link":"https:\/\/ayo.com.pt\/index.php\/sobre-nos-2\/","title":{"rendered":"SOBRE N\u00d3S"},"content":{"rendered":"\n<div style=\"height:70px\" aria-hidden=\"true\" class=\"wp-block-spacer\"><\/div>\n\n\n\n<div class=\"wp-block-columns alignwide has-luminous-vivid-amber-background-color has-background is-layout-flex wp-container-core-columns-is-layout-9d6595d7 wp-block-columns-is-layout-flex\">\n<div class=\"wp-block-column is-layout-flow wp-block-column-is-layout-flow\">\n<div class=\"wp-block-media-text alignwide has-media-on-the-right is-stacked-on-mobile\"><div class=\"wp-block-media-text__content\">\n<p class=\"has-white-color has-text-color has-medium-font-size\"><strong>Nossa Miss\u00e3o e Paix\u00e3o<\/strong><\/p>\n\n\n\n<p>Nossa miss\u00e3o \u00e9 clara: promover a arte e a cultura brasileira em suas formas mais aut\u00eanticas e inspiradoras. Acreditamos que a arte transcende fronteiras e conecta cora\u00e7\u00f5es, e \u00e9 por isso que nos dedicamos a fomentar uma plataforma que celebra as ra\u00edzes hist\u00f3ricas, a diversidade e a inova\u00e7\u00e3o que tornam a cultura brasileira \u00fanica.<\/p>\n<\/div><figure class=\"wp-block-media-text__media\"><img loading=\"lazy\" decoding=\"async\" width=\"1024\" height=\"615\" src=\"https:\/\/ayo.com.pt\/wp-content\/uploads\/2023\/08\/Artboard-9-copy-6@-1024x615.jpg\" alt=\"\" class=\"wp-image-138 size-full\" srcset=\"https:\/\/ayo.com.pt\/wp-content\/uploads\/2023\/08\/Artboard-9-copy-6@-1024x615.jpg 1024w, https:\/\/ayo.com.pt\/wp-content\/uploads\/2023\/08\/Artboard-9-copy-6@-300x180.jpg 300w, https:\/\/ayo.com.pt\/wp-content\/uploads\/2023\/08\/Artboard-9-copy-6@-768x461.jpg 768w, https:\/\/ayo.com.pt\/wp-content\/uploads\/2023\/08\/Artboard-9-copy-6@-1536x922.jpg 1536w, https:\/\/ayo.com.pt\/wp-content\/uploads\/2023\/08\/Artboard-9-copy-6@.jpg 2001w\" sizes=\"auto, (max-width: 1024px) 100vw, 1024px\" \/><\/figure><\/div>\n<\/div>\n<\/div>\n\n\n\n<div style=\"height:70px\" aria-hidden=\"true\" class=\"wp-block-spacer\"><\/div>\n\n\n\n<div class=\"wp-block-columns alignwide has-white-background-color has-background is-layout-flex wp-container-core-columns-is-layout-9d6595d7 wp-block-columns-is-layout-flex\">\n<div class=\"wp-block-column is-layout-flow wp-block-column-is-layout-flow\">\n<div class=\"wp-block-media-text alignwide is-stacked-on-mobile\"><figure class=\"wp-block-media-text__media\"><img loading=\"lazy\" decoding=\"async\" width=\"1024\" height=\"615\" src=\"https:\/\/ayo.com.pt\/wp-content\/uploads\/2023\/08\/Artboard-9-copy@72x-100-1024x615.jpg\" alt=\"\" class=\"wp-image-94 size-full\" srcset=\"https:\/\/ayo.com.pt\/wp-content\/uploads\/2023\/08\/Artboard-9-copy@72x-100-1024x615.jpg 1024w, https:\/\/ayo.com.pt\/wp-content\/uploads\/2023\/08\/Artboard-9-copy@72x-100-300x180.jpg 300w, https:\/\/ayo.com.pt\/wp-content\/uploads\/2023\/08\/Artboard-9-copy@72x-100-768x461.jpg 768w, https:\/\/ayo.com.pt\/wp-content\/uploads\/2023\/08\/Artboard-9-copy@72x-100-1536x922.jpg 1536w, https:\/\/ayo.com.pt\/wp-content\/uploads\/2023\/08\/Artboard-9-copy@72x-100.jpg 2001w\" sizes=\"auto, (max-width: 1024px) 100vw, 1024px\" \/><\/figure><div class=\"wp-block-media-text__content\">\n<p class=\"has-black-color has-text-color has-medium-font-size\"><strong><strong>Comprometidos com a Diversidade e Inclus\u00e3o<\/strong><\/strong><\/p>\n\n\n\n<p>Na Ayo, abra\u00e7amos a diversidade como um tesouro inestim\u00e1vel. A riqueza da cultura brasileira \u00e9 uma tape\u00e7aria tecida a partir de in\u00fameras influ\u00eancias, e estamos comprometidos em garantir que todas as vozes sejam ouvidas e todas as formas de express\u00e3o sejam honradas. Valorizamos a inclus\u00e3o e a igualdade, criando um espa\u00e7o onde todos podem compartilhar e apreciar as diversas facetas da cultura brasileira.<\/p>\n<\/div><\/div>\n<\/div>\n<\/div>\n\n\n\n<div style=\"height:70px\" aria-hidden=\"true\" class=\"wp-block-spacer\"><\/div>\n\n\n\n<div class=\"wp-block-columns alignwide has-luminous-vivid-amber-background-color has-background is-layout-flex wp-container-core-columns-is-layout-9d6595d7 wp-block-columns-is-layout-flex\">\n<div class=\"wp-block-column is-layout-flow wp-block-column-is-layout-flow\">\n<div class=\"wp-block-media-text alignwide has-media-on-the-right is-stacked-on-mobile\"><div class=\"wp-block-media-text__content\">\n<p class=\"has-white-color has-text-color has-medium-font-size\"><strong><strong><strong>Explorando a Criatividade e a Tradi\u00e7\u00e3o<\/strong><\/strong><\/strong><\/p>\n\n\n\n<p>Nossa associa\u00e7\u00e3o \u00e9 um caldeir\u00e3o de criatividade, onde a inova\u00e7\u00e3o encontra a tradi\u00e7\u00e3o. Atrav\u00e9s de exposi\u00e7\u00f5es, workshops, apresenta\u00e7\u00f5es e colabora\u00e7\u00f5es, buscamos inspirar artistas e admiradores a mergulhar nas v\u00e1rias vertentes da arte e da cultura brasileira, desde a m\u00fasica pulsante at\u00e9 as cores vivas das artes visuais e a rica narrativa das tradi\u00e7\u00f5es folcl\u00f3ricas.<\/p>\n<\/div><figure class=\"wp-block-media-text__media\"><img loading=\"lazy\" decoding=\"async\" width=\"1024\" height=\"615\" src=\"https:\/\/ayo.com.pt\/wp-content\/uploads\/2023\/08\/Artboard-9-copy-4@-1024x615.jpg\" alt=\"\" class=\"wp-image-136 size-full\" srcset=\"https:\/\/ayo.com.pt\/wp-content\/uploads\/2023\/08\/Artboard-9-copy-4@-1024x615.jpg 1024w, https:\/\/ayo.com.pt\/wp-content\/uploads\/2023\/08\/Artboard-9-copy-4@-300x180.jpg 300w, https:\/\/ayo.com.pt\/wp-content\/uploads\/2023\/08\/Artboard-9-copy-4@-768x461.jpg 768w, https:\/\/ayo.com.pt\/wp-content\/uploads\/2023\/08\/Artboard-9-copy-4@-1536x922.jpg 1536w, https:\/\/ayo.com.pt\/wp-content\/uploads\/2023\/08\/Artboard-9-copy-4@.jpg 2001w\" sizes=\"auto, (max-width: 1024px) 100vw, 1024px\" \/><\/figure><\/div>\n<\/div>\n<\/div>\n\n\n\n<div style=\"height:70px\" aria-hidden=\"true\" class=\"wp-block-spacer\"><\/div>\n\n\n\n<div class=\"wp-block-columns alignwide has-white-background-color has-background is-layout-flex wp-container-core-columns-is-layout-9d6595d7 wp-block-columns-is-layout-flex\">\n<div class=\"wp-block-column is-layout-flow wp-block-column-is-layout-flow\">\n<div class=\"wp-block-media-text alignwide is-stacked-on-mobile\"><figure class=\"wp-block-media-text__media\"><img loading=\"lazy\" decoding=\"async\" width=\"1024\" height=\"615\" src=\"https:\/\/ayo.com.pt\/wp-content\/uploads\/2023\/08\/Artboard-9-copy-3@72x-100-1024x615.jpg\" alt=\"\" class=\"wp-image-93 size-full\" srcset=\"https:\/\/ayo.com.pt\/wp-content\/uploads\/2023\/08\/Artboard-9-copy-3@72x-100-1024x615.jpg 1024w, https:\/\/ayo.com.pt\/wp-content\/uploads\/2023\/08\/Artboard-9-copy-3@72x-100-300x180.jpg 300w, https:\/\/ayo.com.pt\/wp-content\/uploads\/2023\/08\/Artboard-9-copy-3@72x-100-768x461.jpg 768w, https:\/\/ayo.com.pt\/wp-content\/uploads\/2023\/08\/Artboard-9-copy-3@72x-100-1536x922.jpg 1536w, https:\/\/ayo.com.pt\/wp-content\/uploads\/2023\/08\/Artboard-9-copy-3@72x-100.jpg 2001w\" sizes=\"auto, (max-width: 1024px) 100vw, 1024px\" \/><\/figure><div class=\"wp-block-media-text__content\">\n<p class=\"has-black-color has-text-color has-medium-font-size\"><strong><strong><strong><strong><strong><strong><strong>Conectando Pessoas, Inspira\u00e7\u00f5es e Hist\u00f3rias<\/strong><\/strong><\/strong><\/strong><\/strong><\/strong><\/strong><\/p>\n\n\n\n<p>A Ayo \u00e9 mais do que uma associa\u00e7\u00e3o &#8211; somos uma fam\u00edlia de mentes criativas e cora\u00e7\u00f5es apaixonados. Nosso espa\u00e7o \u00e9 um ponto de encontro onde pessoas com diferentes origens e perspectivas podem se unir em torno do amor compartilhado pela arte e cultura brasileira. Estamos empenhados em criar conex\u00f5es significativas entre pessoas, inspira\u00e7\u00f5es e hist\u00f3rias, enquanto continuamos a tecer o tecido cultural do Brasil.<\/p>\n<\/div><\/div>\n<\/div>\n<\/div>\n\n\n\n<div style=\"height:70px\" aria-hidden=\"true\" class=\"wp-block-spacer\"><\/div>\n","protected":false},"excerpt":{"rendered":"<p>Nossa Miss\u00e3o e Paix\u00e3o Nossa miss\u00e3o \u00e9 clara: promover a arte e a cultura brasileira em suas formas mais aut\u00eanticas e inspiradoras. Acreditamos que a arte transcende fronteiras e conecta cora\u00e7\u00f5es, e \u00e9 por isso que nos dedicamos a fomentar uma plataforma que celebra as ra\u00edzes hist\u00f3ricas, a diversidade e a inova\u00e7\u00e3o que tornam a &hellip; <\/p>\n<p class=\"link-more\"><a href=\"https:\/\/ayo.com.pt\/index.php\/sobre-nos-2\/\" class=\"more-link\">Read more<span class=\"screen-reader-text\"> &#8220;SOBRE N\u00d3S&#8221;<\/span><\/a><\/p>\n","protected":false},"author":1,"featured_media":139,"parent":0,"menu_order":0,"comment_status":"closed","ping_status":"closed","template":"","meta":{"_themeisle_gutenberg_block_has_review":false,"footnotes":""},"class_list":["post-117","page","type-page","status-publish","has-post-thumbnail","hentry"],"aioseo_notices":[],"_links":{"self":[{"href":"https:\/\/ayo.com.pt\/index.php\/wp-json\/wp\/v2\/pages\/117","targetHints":{"allow":["GET"]}}],"collection":[{"href":"https:\/\/ayo.com.pt\/index.php\/wp-json\/wp\/v2\/pages"}],"about":[{"href":"https:\/\/ayo.com.pt\/index.php\/wp-json\/wp\/v2\/types\/page"}],"author":[{"embeddable":true,"href":"https:\/\/ayo.com.pt\/index.php\/wp-json\/wp\/v2\/users\/1"}],"replies":[{"embeddable":true,"href":"https:\/\/ayo.com.pt\/index.php\/wp-json\/wp\/v2\/comments?post=117"}],"version-history":[{"count":13,"href":"https:\/\/ayo.com.pt\/index.php\/wp-json\/wp\/v2\/pages\/117\/revisions"}],"predecessor-version":[{"id":154,"href":"https:\/\/ayo.com.pt\/index.php\/wp-json\/wp\/v2\/pages\/117\/revisions\/154"}],"wp:featuredmedia":[{"embeddable":true,"href":"https:\/\/ayo.com.pt\/index.php\/wp-json\/wp\/v2\/media\/139"}],"wp:attachment":[{"href":"https:\/\/ayo.com.pt\/index.php\/wp-json\/wp\/v2\/media?parent=117"}],"curies":[{"name":"wp","href":"https:\/\/api.w.org\/{rel}","templated":true}]}}