{"id":155,"date":"2023-08-11T15:52:44","date_gmt":"2023-08-11T15:52:44","guid":{"rendered":"https:\/\/ayo.com.pt\/?page_id=155"},"modified":"2023-08-11T16:42:25","modified_gmt":"2023-08-11T16:42:25","slug":"visao","status":"publish","type":"page","link":"https:\/\/ayo.com.pt\/index.php\/visao\/","title":{"rendered":"VIS\u00c3O"},"content":{"rendered":"\n<p>Na Ayo &#8211; Associa\u00e7\u00e3o de Arte &amp; Cultura Brasileira, enxergamos um futuro vibrante e diversificado, onde a rica heran\u00e7a art\u00edstica e cultural do Brasil brilha intensamente e inspira gera\u00e7\u00f5es presentes e futuras. Nossa vis\u00e3o \u00e9 moldada por um profundo compromisso em preservar, promover e expandir os horizontes da arte e cultura brasileira, criando um legado duradouro que transcende fronteiras e conecta pessoas de todas as origens.<\/p>\n\n\n\n<p>Imaginamos um cen\u00e1rio onde a Ayo se torna um farol cultural, reunindo artistas renomados e emergentes, entusiastas apaixonados e apreciadores \u00e1vidos. Queremos ser um catalisador para a inova\u00e7\u00e3o art\u00edstica, onde a tradi\u00e7\u00e3o e a vanguarda se entrela\u00e7am harmoniosamente, gerando novas formas de express\u00e3o que refletem a diversidade e a autenticidade da cultura brasileira.<\/p>\n\n\n\n<p>Nosso olhar para o futuro inclui a cria\u00e7\u00e3o de parcerias globais que ampliam nosso alcance e impacto. Desejamos fortalecer nossos la\u00e7os com institui\u00e7\u00f5es culturais, educacionais e art\u00edsticas em todo o mundo, estabelecendo interc\u00e2mbios criativos e colabora\u00e7\u00f5es que enrique\u00e7am ainda mais o panorama cultural e art\u00edstico do Brasil.<\/p>\n\n\n\n<p>Na vis\u00e3o da Ayo, a nossa associa\u00e7\u00e3o \u00e9 um celeiro de criatividade, um centro de aprendizado e um espa\u00e7o de celebra\u00e7\u00e3o cont\u00ednua. Atrav\u00e9s de eventos cativantes, exposi\u00e7\u00f5es envolventes e projetos inovadores, aspiramos a deixar uma marca indel\u00e9vel na cena cultural, inspirando a pr\u00f3xima gera\u00e7\u00e3o a abra\u00e7ar e valorizar a riqueza da arte e cultura brasileira.<\/p>\n\n\n\n<p>Em resumo, nossa vis\u00e3o \u00e9 uma constante celebra\u00e7\u00e3o da diversidade, um compromisso com a excel\u00eancia art\u00edstica e um desejo fervoroso de proporcionar um legado cultural enriquecedor para as gera\u00e7\u00f5es que vir\u00e3o. Junte-se a n\u00f3s nesta jornada emocionante enquanto trabalhamos arduamente para tornar essa vis\u00e3o uma realidade vibrante e inspiradora.<\/p>\n\n\n\n<div class=\"wp-block-cover alignwide\"><span aria-hidden=\"true\" class=\"wp-block-cover__background has-luminous-vivid-amber-background-color has-background-dim\"><\/span><img loading=\"lazy\" decoding=\"async\" width=\"2001\" height=\"1201\" class=\"wp-block-cover__image-background wp-image-158\" alt=\"\" src=\"https:\/\/ayo.com.pt\/wp-content\/uploads\/2023\/08\/Artboard-9-copy-8@.jpg\" data-object-fit=\"cover\" srcset=\"https:\/\/ayo.com.pt\/wp-content\/uploads\/2023\/08\/Artboard-9-copy-8@.jpg 2001w, https:\/\/ayo.com.pt\/wp-content\/uploads\/2023\/08\/Artboard-9-copy-8@-300x180.jpg 300w, https:\/\/ayo.com.pt\/wp-content\/uploads\/2023\/08\/Artboard-9-copy-8@-1024x615.jpg 1024w, https:\/\/ayo.com.pt\/wp-content\/uploads\/2023\/08\/Artboard-9-copy-8@-768x461.jpg 768w, https:\/\/ayo.com.pt\/wp-content\/uploads\/2023\/08\/Artboard-9-copy-8@-1536x922.jpg 1536w\" sizes=\"auto, (max-width: 2001px) 100vw, 2001px\" \/><div class=\"wp-block-cover__inner-container is-layout-constrained wp-block-cover-is-layout-constrained\">\n<p class=\"has-text-align-center has-x-large-font-size\">&#8220;No Brasil o fundo do po\u00e7o <br>\u00e9 apenas uma etapa.&#8221;<\/p>\n\n\n\n<p class=\"has-text-align-center\"><em>Lu\u00eds Fernando Verissimo<\/em><\/p>\n<\/div><\/div>\n","protected":false},"excerpt":{"rendered":"<p>Na Ayo &#8211; Associa\u00e7\u00e3o de Arte &amp; Cultura Brasileira, enxergamos um futuro vibrante e diversificado, onde a rica heran\u00e7a art\u00edstica e cultural do Brasil brilha intensamente e inspira gera\u00e7\u00f5es presentes e futuras. Nossa vis\u00e3o \u00e9 moldada por um profundo compromisso em preservar, promover e expandir os horizontes da arte e cultura brasileira, criando um legado &hellip; <\/p>\n<p class=\"link-more\"><a href=\"https:\/\/ayo.com.pt\/index.php\/visao\/\" class=\"more-link\">Read more<span class=\"screen-reader-text\"> &#8220;VIS\u00c3O&#8221;<\/span><\/a><\/p>\n","protected":false},"author":1,"featured_media":0,"parent":0,"menu_order":0,"comment_status":"closed","ping_status":"closed","template":"","meta":{"_themeisle_gutenberg_block_has_review":false,"footnotes":""},"class_list":["post-155","page","type-page","status-publish","hentry"],"aioseo_notices":[],"_links":{"self":[{"href":"https:\/\/ayo.com.pt\/index.php\/wp-json\/wp\/v2\/pages\/155","targetHints":{"allow":["GET"]}}],"collection":[{"href":"https:\/\/ayo.com.pt\/index.php\/wp-json\/wp\/v2\/pages"}],"about":[{"href":"https:\/\/ayo.com.pt\/index.php\/wp-json\/wp\/v2\/types\/page"}],"author":[{"embeddable":true,"href":"https:\/\/ayo.com.pt\/index.php\/wp-json\/wp\/v2\/users\/1"}],"replies":[{"embeddable":true,"href":"https:\/\/ayo.com.pt\/index.php\/wp-json\/wp\/v2\/comments?post=155"}],"version-history":[{"count":4,"href":"https:\/\/ayo.com.pt\/index.php\/wp-json\/wp\/v2\/pages\/155\/revisions"}],"predecessor-version":[{"id":163,"href":"https:\/\/ayo.com.pt\/index.php\/wp-json\/wp\/v2\/pages\/155\/revisions\/163"}],"wp:attachment":[{"href":"https:\/\/ayo.com.pt\/index.php\/wp-json\/wp\/v2\/media?parent=155"}],"curies":[{"name":"wp","href":"https:\/\/api.w.org\/{rel}","templated":true}]}}