{"id":78,"date":"2023-08-04T15:19:00","date_gmt":"2023-08-04T15:19:00","guid":{"rendered":"https:\/\/ayo.com.pt\/?page_id=78"},"modified":"2023-08-11T14:52:22","modified_gmt":"2023-08-11T14:52:22","slug":"sobre-nos","status":"publish","type":"page","link":"https:\/\/ayo.com.pt\/","title":{"rendered":""},"content":{"rendered":"\n<p>Bem-vindo ao pulsante mundo da express\u00e3o art\u00edstica e cultural, bem-vindo \u00e0 Ayo Associa\u00e7\u00e3o de Arte &amp; Cultura Brasileira!<br>Desde a nossa funda\u00e7\u00e3o, em 2022, temos trabalhado incansavelmente para enriquecer, preservar e compartilhar a riqueza diversificada da arte e cultura brasileira. Nossa associa\u00e7\u00e3o \u00e9 um lar acolhedor para entusiastas, artistas, performers e apreciadores que desejam explorar as profundezas da criatividade e da heran\u00e7a cultural do Brasil.<\/p>\n\n\n\n<p><\/p>\n\n\n\n<div style=\"height:100px\" aria-hidden=\"true\" class=\"wp-block-spacer\"><\/div>\n","protected":false},"excerpt":{"rendered":"<p>Bem-vindo ao pulsante mundo da express\u00e3o art\u00edstica e cultural, bem-vindo \u00e0 Ayo Associa\u00e7\u00e3o de Arte &amp; Cultura Brasileira!Desde a nossa funda\u00e7\u00e3o, em 2022, temos trabalhado incansavelmente para enriquecer, preservar e compartilhar a riqueza diversificada da arte e cultura brasileira. Nossa associa\u00e7\u00e3o \u00e9 um lar acolhedor para entusiastas, artistas, performers e apreciadores que desejam explorar as &hellip; <\/p>\n<p class=\"link-more\"><a href=\"https:\/\/ayo.com.pt\/\" class=\"more-link\">Read more<span class=\"screen-reader-text\"> &#8220;&#8221;<\/span><\/a><\/p>\n","protected":false},"author":1,"featured_media":96,"parent":0,"menu_order":0,"comment_status":"closed","ping_status":"closed","template":"","meta":{"_themeisle_gutenberg_block_has_review":false,"footnotes":""},"class_list":["post-78","page","type-page","status-publish","has-post-thumbnail","hentry"],"aioseo_notices":[],"_links":{"self":[{"href":"https:\/\/ayo.com.pt\/index.php\/wp-json\/wp\/v2\/pages\/78","targetHints":{"allow":["GET"]}}],"collection":[{"href":"https:\/\/ayo.com.pt\/index.php\/wp-json\/wp\/v2\/pages"}],"about":[{"href":"https:\/\/ayo.com.pt\/index.php\/wp-json\/wp\/v2\/types\/page"}],"author":[{"embeddable":true,"href":"https:\/\/ayo.com.pt\/index.php\/wp-json\/wp\/v2\/users\/1"}],"replies":[{"embeddable":true,"href":"https:\/\/ayo.com.pt\/index.php\/wp-json\/wp\/v2\/comments?post=78"}],"version-history":[{"count":4,"href":"https:\/\/ayo.com.pt\/index.php\/wp-json\/wp\/v2\/pages\/78\/revisions"}],"predecessor-version":[{"id":135,"href":"https:\/\/ayo.com.pt\/index.php\/wp-json\/wp\/v2\/pages\/78\/revisions\/135"}],"wp:featuredmedia":[{"embeddable":true,"href":"https:\/\/ayo.com.pt\/index.php\/wp-json\/wp\/v2\/media\/96"}],"wp:attachment":[{"href":"https:\/\/ayo.com.pt\/index.php\/wp-json\/wp\/v2\/media?parent=78"}],"curies":[{"name":"wp","href":"https:\/\/api.w.org\/{rel}","templated":true}]}}